{"id":707,"date":"2026-04-21T22:22:51","date_gmt":"2026-04-22T01:52:51","guid":{"rendered":"https:\/\/libreriabonilla.com.mx\/?post_type=product&#038;p=707"},"modified":"2026-05-12T23:36:45","modified_gmt":"2026-05-13T03:06:45","slug":"los-hijos-de-los-dioses","status":"publish","type":"product","link":"https:\/\/libreriabonilla.com.mx\/index.php\/producto\/los-hijos-de-los-dioses\/","title":{"rendered":"Los hijos de los dioses"},"content":{"rendered":"<p>Descubrir qu\u00e9 es lo mexicano, cu\u00e1les son los rasgos que mejor describen el ser nacional, las particularidades de su cultura y su devenir hist\u00f3rico, ha sido una vieja obsesi\u00f3n que ha ocupado a numerosos intelectuales, cient\u00edficos sociales, artistas y hombres de letras de M\u00e9xico desde, por lo menos, finales del siglo xix. Hacia mediados del siglo pasado, un grupo de j\u00f3venes universitarios -fil\u00f3sofos en su mayor\u00eda-, se propusieron actualizar las b\u00fasquedas sobre la identidad nacional haciendo uso de un inusitado arsenal te\u00f3rico.<br \/>\nEl presente libro explora las representaciones identitarias formuladas por estos intelectuales, quienes dieron en llamarse Grupo filos\u00f3fico Hiperi\u00f3n. Las propuestas y tesis que englobaron bajo el nombre de \u00abfilosof\u00eda de lo mexicano\u00bb o \u00abfilosof\u00eda de la mexicanidad\u00bb son examinadas aqu\u00ed bajo la lupa de las distintas tramas que dieron sustento, significado y proyecci\u00f3n a sus planteamientos sobre lo mexicano<\/p>\n","protected":false},"excerpt":{"rendered":"<p>Santos Ruiz, Ana,2015<\/p>\n","protected":false},"featured_media":907,"comment_status":"closed","ping_status":"closed","template":"","meta":[],"product_brand":[],"product_cat":[52,31,398,39],"product_tag":[717,128,753],"class_list":{"0":"post-707","1":"product","2":"type-product","3":"status-publish","4":"has-post-thumbnail","6":"product_cat-ciencias-sociales","7":"product_cat-ensayo","8":"product_cat-ensayo-literario","9":"product_cat-filosofia","10":"product_tag-ciencias-sociales","11":"product_tag-ensayo","12":"product_tag-filosofia","14":"first","15":"instock","16":"shipping-taxable","17":"purchasable","18":"product-type-simple"},"jetpack_sharing_enabled":true,"_links":{"self":[{"href":"https:\/\/libreriabonilla.com.mx\/index.php\/wp-json\/wp\/v2\/product\/707","targetHints":{"allow":["GET"]}}],"collection":[{"href":"https:\/\/libreriabonilla.com.mx\/index.php\/wp-json\/wp\/v2\/product"}],"about":[{"href":"https:\/\/libreriabonilla.com.mx\/index.php\/wp-json\/wp\/v2\/types\/product"}],"replies":[{"embeddable":true,"href":"https:\/\/libreriabonilla.com.mx\/index.php\/wp-json\/wp\/v2\/comments?post=707"}],"wp:featuredmedia":[{"embeddable":true,"href":"https:\/\/libreriabonilla.com.mx\/index.php\/wp-json\/wp\/v2\/media\/907"}],"wp:attachment":[{"href":"https:\/\/libreriabonilla.com.mx\/index.php\/wp-json\/wp\/v2\/media?parent=707"}],"wp:term":[{"taxonomy":"product_brand","embeddable":true,"href":"https:\/\/libreriabonilla.com.mx\/index.php\/wp-json\/wp\/v2\/product_brand?post=707"},{"taxonomy":"product_cat","embeddable":true,"href":"https:\/\/libreriabonilla.com.mx\/index.php\/wp-json\/wp\/v2\/product_cat?post=707"},{"taxonomy":"product_tag","embeddable":true,"href":"https:\/\/libreriabonilla.com.mx\/index.php\/wp-json\/wp\/v2\/product_tag?post=707"}],"curies":[{"name":"wp","href":"https:\/\/api.w.org\/{rel}","templated":true}]}}