{"id":706,"date":"2026-04-21T22:22:51","date_gmt":"2026-04-22T01:52:51","guid":{"rendered":"https:\/\/libreriabonilla.com.mx\/?post_type=product&#038;p=706"},"modified":"2026-05-12T23:39:08","modified_gmt":"2026-05-13T03:09:08","slug":"los-salarios-y-el-compromiso-de-los-trabajadores","status":"publish","type":"product","link":"https:\/\/libreriabonilla.com.mx\/index.php\/producto\/los-salarios-y-el-compromiso-de-los-trabajadores\/","title":{"rendered":"Los salarios y el compromiso de los trabajadores"},"content":{"rendered":"<p>Con mucha frecuencia se piensa en el salario como una forma de motivar y retener al personal en unaorganizaci\u00f3n. La obra presente desmitifica tal creencia por medio de diversas investigaciones cient\u00edficas efectuadas tanto en M\u00e9xico (en diversos estados del pa\u00eds) como en Per\u00fa (Lima), entre los trabajadores de diez organizaciones de diversos ramos de activiad econ\u00f3mica: restaurantes, hospitales, instituciones de educaci\u00f3n superior, comercios, entre otros, para un total de 3,252 trabajadores quienes respondieron voluntariamente los cuestionarios aplicados. En la \u00e9poca actual las organizaciones sufren por la falta de trabajadores con las competencias requridas; el salario puede ser un aspecto de inter\u00e9s para atraer a trabajadores talentosos, pero conservarlos depender\u00e1 de otros factores. Esto queda demostrado porlas investigacion insertas en la presente obra. Las organizaciones de todo tipo deber\u00edan prestar mayor atenci\u00f3n a estos otros factores intangiles, los cuales no s\u00f3lo pueden reducir los costos sino tambi\u00e9n incrementar la productividad y la calidad de vida de los trabajadores.<\/p>\n","protected":false},"excerpt":{"rendered":"<p>Arias Galicia, Luis Fernando,2015<\/p>\n","protected":false},"featured_media":1095,"comment_status":"closed","ping_status":"closed","template":"","meta":[],"product_brand":[],"product_cat":[466,163],"product_tag":[769,682,770],"class_list":{"0":"post-706","1":"product","2":"type-product","3":"status-publish","4":"has-post-thumbnail","6":"product_cat-administracion","7":"product_cat-economia","8":"product_tag-administracion","9":"product_tag-economia","10":"product_tag-salario-minimo","12":"first","13":"instock","14":"shipping-taxable","15":"purchasable","16":"product-type-simple"},"jetpack_sharing_enabled":true,"_links":{"self":[{"href":"https:\/\/libreriabonilla.com.mx\/index.php\/wp-json\/wp\/v2\/product\/706","targetHints":{"allow":["GET"]}}],"collection":[{"href":"https:\/\/libreriabonilla.com.mx\/index.php\/wp-json\/wp\/v2\/product"}],"about":[{"href":"https:\/\/libreriabonilla.com.mx\/index.php\/wp-json\/wp\/v2\/types\/product"}],"replies":[{"embeddable":true,"href":"https:\/\/libreriabonilla.com.mx\/index.php\/wp-json\/wp\/v2\/comments?post=706"}],"wp:featuredmedia":[{"embeddable":true,"href":"https:\/\/libreriabonilla.com.mx\/index.php\/wp-json\/wp\/v2\/media\/1095"}],"wp:attachment":[{"href":"https:\/\/libreriabonilla.com.mx\/index.php\/wp-json\/wp\/v2\/media?parent=706"}],"wp:term":[{"taxonomy":"product_brand","embeddable":true,"href":"https:\/\/libreriabonilla.com.mx\/index.php\/wp-json\/wp\/v2\/product_brand?post=706"},{"taxonomy":"product_cat","embeddable":true,"href":"https:\/\/libreriabonilla.com.mx\/index.php\/wp-json\/wp\/v2\/product_cat?post=706"},{"taxonomy":"product_tag","embeddable":true,"href":"https:\/\/libreriabonilla.com.mx\/index.php\/wp-json\/wp\/v2\/product_tag?post=706"}],"curies":[{"name":"wp","href":"https:\/\/api.w.org\/{rel}","templated":true}]}}