{"id":705,"date":"2026-04-21T22:22:51","date_gmt":"2026-04-22T01:52:51","guid":{"rendered":"https:\/\/libreriabonilla.com.mx\/?post_type=product&#038;p=705"},"modified":"2026-05-12T23:40:52","modified_gmt":"2026-05-13T03:10:52","slug":"manos-a-la-obra-lengua-de-senas-comunidad-sorda-y-educacion","status":"publish","type":"product","link":"https:\/\/libreriabonilla.com.mx\/index.php\/producto\/manos-a-la-obra-lengua-de-senas-comunidad-sorda-y-educacion\/","title":{"rendered":"Manos a la obra: Lengua de se\u00f1as, comunidad sorda y educaci\u00f3n"},"content":{"rendered":"<p>Las investigaciones que componen el presente volumen giran en torno a tres ejes principales: el estudio de las lenguas de se\u00f1as, la comunidad sorda y la educaci\u00f3n del sordo; y abordan aspectos tales como la organizaci\u00f3n cerebral de las lenguas de se\u00f1as, sus aspectos estructurales, la comunicaci\u00f3n medi\u00e1tica, aspectos hist\u00f3ricos y la situaci\u00f3n actual y futura de la ense\u00f1anza, entre otros.<br \/>\nLos autores nos presentan una muestra de temas que se han discutido desde hace d\u00e9cadas en este \u00e1mbito. Si bien provienen de diferentes disciplinas y \u00e1mbitos de estudio e investigaci\u00f3n, as\u00ed como de diferentes universidades nacionales y extranjeras, tienen en com\u00fan el inter\u00e9s por la comunidad sorda y su lengua.<br \/>\nEs de destacar la participaci\u00f3n de compa\u00f1eros y colaboradores sordos en estas investigaciones, va por ellos y para ellos.<\/p>\n","protected":false},"excerpt":{"rendered":"<p>Cruz-Aldrete, Miroslava ,2015<\/p>\n","protected":false},"featured_media":1390,"comment_status":"closed","ping_status":"closed","template":"","meta":[],"product_brand":[],"product_cat":[183,52,384,72],"product_tag":[717,321],"class_list":{"0":"post-705","1":"product","2":"type-product","3":"status-publish","4":"has-post-thumbnail","6":"product_cat-antropologia","7":"product_cat-ciencias-sociales","8":"product_cat-comunicacion","9":"product_cat-literatura","10":"product_tag-ciencias-sociales","11":"product_tag-linguisticay-comunicacion","13":"first","14":"instock","15":"shipping-taxable","16":"purchasable","17":"product-type-simple"},"jetpack_sharing_enabled":true,"_links":{"self":[{"href":"https:\/\/libreriabonilla.com.mx\/index.php\/wp-json\/wp\/v2\/product\/705","targetHints":{"allow":["GET"]}}],"collection":[{"href":"https:\/\/libreriabonilla.com.mx\/index.php\/wp-json\/wp\/v2\/product"}],"about":[{"href":"https:\/\/libreriabonilla.com.mx\/index.php\/wp-json\/wp\/v2\/types\/product"}],"replies":[{"embeddable":true,"href":"https:\/\/libreriabonilla.com.mx\/index.php\/wp-json\/wp\/v2\/comments?post=705"}],"wp:featuredmedia":[{"embeddable":true,"href":"https:\/\/libreriabonilla.com.mx\/index.php\/wp-json\/wp\/v2\/media\/1390"}],"wp:attachment":[{"href":"https:\/\/libreriabonilla.com.mx\/index.php\/wp-json\/wp\/v2\/media?parent=705"}],"wp:term":[{"taxonomy":"product_brand","embeddable":true,"href":"https:\/\/libreriabonilla.com.mx\/index.php\/wp-json\/wp\/v2\/product_brand?post=705"},{"taxonomy":"product_cat","embeddable":true,"href":"https:\/\/libreriabonilla.com.mx\/index.php\/wp-json\/wp\/v2\/product_cat?post=705"},{"taxonomy":"product_tag","embeddable":true,"href":"https:\/\/libreriabonilla.com.mx\/index.php\/wp-json\/wp\/v2\/product_tag?post=705"}],"curies":[{"name":"wp","href":"https:\/\/api.w.org\/{rel}","templated":true}]}}