{"id":704,"date":"2026-04-21T22:22:51","date_gmt":"2026-04-22T01:52:51","guid":{"rendered":"https:\/\/libreriabonilla.com.mx\/?post_type=product&#038;p=704"},"modified":"2026-05-12T23:41:52","modified_gmt":"2026-05-13T03:11:52","slug":"materiales-para-una-autobiografia-filosofica","status":"publish","type":"product","link":"https:\/\/libreriabonilla.com.mx\/index.php\/producto\/materiales-para-una-autobiografia-filosofica\/","title":{"rendered":"Materiales para una autobiograf\u00eda filos\u00f3fica"},"content":{"rendered":"<p>Estas p\u00e1ginas re\u00fanen una serie de escritos personales, testimoniales o autobiogr\u00e1ficos del fil\u00f3sofo, traductor, escritor y profesor Jos\u00e9 Gaos, uno de los pensadores de la lengua espa\u00f1ola m\u00e1s importantes e influyentes del siglo XX; estos escritos llevan el sello inconfundible de Gaos, su modo, estilo y actitudes. El presente libro nace de la necesidad pr\u00e1ctica de tener un conjunto de escritos suyos que contribuyen a dibujar su en\u00e9rgico y rico perfil intelectual, filos\u00f3fico y literario; y a la de explicar en cierto modo la fecundidad de la reflexi\u00f3n cr\u00edtica diseminada en el orbe ecum\u00e9nico de la lengua espa\u00f1ola, de la cual \u00e9l mismo es en parte responsable, gracias a su misi\u00f3n y vocaci\u00f3n intelectuales<\/p>\n","protected":false},"excerpt":{"rendered":"<p>Gaos, Jos\u00e9,2015<\/p>\n","protected":false},"featured_media":921,"comment_status":"closed","ping_status":"closed","template":"","meta":[],"product_brand":[],"product_cat":[113,39],"product_tag":[128,753],"class_list":{"0":"post-704","1":"product","2":"type-product","3":"status-publish","4":"has-post-thumbnail","6":"product_cat-biografia","7":"product_cat-filosofia","8":"product_tag-ensayo","9":"product_tag-filosofia","11":"first","12":"instock","13":"shipping-taxable","14":"purchasable","15":"product-type-simple"},"jetpack_sharing_enabled":true,"_links":{"self":[{"href":"https:\/\/libreriabonilla.com.mx\/index.php\/wp-json\/wp\/v2\/product\/704","targetHints":{"allow":["GET"]}}],"collection":[{"href":"https:\/\/libreriabonilla.com.mx\/index.php\/wp-json\/wp\/v2\/product"}],"about":[{"href":"https:\/\/libreriabonilla.com.mx\/index.php\/wp-json\/wp\/v2\/types\/product"}],"replies":[{"embeddable":true,"href":"https:\/\/libreriabonilla.com.mx\/index.php\/wp-json\/wp\/v2\/comments?post=704"}],"wp:featuredmedia":[{"embeddable":true,"href":"https:\/\/libreriabonilla.com.mx\/index.php\/wp-json\/wp\/v2\/media\/921"}],"wp:attachment":[{"href":"https:\/\/libreriabonilla.com.mx\/index.php\/wp-json\/wp\/v2\/media?parent=704"}],"wp:term":[{"taxonomy":"product_brand","embeddable":true,"href":"https:\/\/libreriabonilla.com.mx\/index.php\/wp-json\/wp\/v2\/product_brand?post=704"},{"taxonomy":"product_cat","embeddable":true,"href":"https:\/\/libreriabonilla.com.mx\/index.php\/wp-json\/wp\/v2\/product_cat?post=704"},{"taxonomy":"product_tag","embeddable":true,"href":"https:\/\/libreriabonilla.com.mx\/index.php\/wp-json\/wp\/v2\/product_tag?post=704"}],"curies":[{"name":"wp","href":"https:\/\/api.w.org\/{rel}","templated":true}]}}