{"id":700,"date":"2026-04-21T22:22:41","date_gmt":"2026-04-22T01:52:41","guid":{"rendered":"https:\/\/libreriabonilla.com.mx\/?post_type=product&#038;p=700"},"modified":"2026-05-12T23:54:19","modified_gmt":"2026-05-13T03:24:19","slug":"aproximaciones-a-la-narrativa-de-la-revolucion-mexicana","status":"publish","type":"product","link":"https:\/\/libreriabonilla.com.mx\/index.php\/producto\/aproximaciones-a-la-narrativa-de-la-revolucion-mexicana\/","title":{"rendered":"Aproximaciones a la narrativa de la Revoluci\u00f3n Mexicana"},"content":{"rendered":"<p>El movimiento armado que arras\u00f3 M\u00e9xico entre 1910 y 1920, y las nuevas condiciones sociales que se dieron durante la lucha, as\u00ed como en el pa\u00eds que surgi\u00f3 de \u00e9sta, llevaron a que surgiera una nueva forma de escritura de ficci\u00f3n, que dio testimonio, a trav\u00e9s de sus cuentos y novelas, de lo ocurrido en aquellos a\u00f1os.<br \/>\nLos narradores de la Revoluci\u00f3n inauguraron una manera de contar que, estil\u00edsticamente, los separa de sus antecesores del Porfiriato. En sus relatos, el hero\u00edsmo, el valor, el sacrificio, el cumplimiento del deber, el estoicismo, alternan con la crueldad, la avaricia, la injusticia y la traici\u00f3n. Por otro lado, nadie ha juzgado tan rigurosamente a la Revoluci\u00f3n como sus narradores.<br \/>\nLos autores de las obras que estudian los trabajos de este libro compartieron una nueva manera de escribir y vivieron, m\u00e1s o menos de cerca, los hechos que narran. Mediante la ficci\u00f3n dieron forma literaria a sucesos inmediatos.<br \/>\nEste libro nace del Programa de Actualizaci\u00f3n Permanente de los profesores investigadores de la Becene, la Benem\u00e9rita y Centenaria Escuela Normal del Estado de San Luis Potos\u00ed. Es resultado del trabajo desarrollado en los talleres de redacci\u00f3n de art\u00edculos acad\u00e9micos y de cr\u00edtica literaria en 2013-2014. Asimismo es producto de la colaboraci\u00f3n acad\u00e9mica al trav\u00e9s de redes interinstitucionales establecidas entre la Becene y la Universidad Aut\u00f3noma de San Luis Potos\u00ed, El Colegio de San Luis, A.C., la Universidad Veracruzana y la Universidad de Guanajuato.<\/p>\n<p>Este libro incluye textos de los siguientes autores:<br \/>\nMiguel \u00c1ngel Duque Hern\u00e1ndez, Elvia Estefan\u00eda L\u00f3pez Vera, Norma Ang\u00e9lica Cuevas Velasco, Mar\u00eda Azareel Vaca Montes, Rosa Esther Hern\u00e1ndez Hern\u00e1ndez, Jes\u00fas Alberto Leyva Ortiz, Francisco Hern\u00e1ndez Ortiz, Laura \u00c9rika Gallegos Infante, Sof\u00eda Iyali T\u00e9llez Villalobos, Mar\u00eda Guadalupe Escalante Bravo, Alma Rosa Ca\u00f1edo Gamboa, Ana Mayela de Vel\u00e1zquez Farf\u00e1n, Martha Patricia Mireles Alem\u00e1n, Olimpia Badillo Iracheta, Sonia Vargas Almaz\u00e1n.<\/p>\n","protected":false},"excerpt":{"rendered":"<p>Francisco Hernandez Ortiz,2015<\/p>\n","protected":false},"featured_media":955,"comment_status":"closed","ping_status":"closed","template":"","meta":[],"product_brand":[],"product_cat":[70,331],"product_tag":[446,709],"class_list":{"0":"post-700","1":"product","2":"type-product","3":"status-publish","4":"has-post-thumbnail","6":"product_cat-historia","7":"product_cat-historia-de-mexico","8":"product_tag-historia","9":"product_tag-historia-de-mexico","11":"first","12":"instock","13":"shipping-taxable","14":"purchasable","15":"product-type-simple"},"jetpack_sharing_enabled":true,"_links":{"self":[{"href":"https:\/\/libreriabonilla.com.mx\/index.php\/wp-json\/wp\/v2\/product\/700","targetHints":{"allow":["GET"]}}],"collection":[{"href":"https:\/\/libreriabonilla.com.mx\/index.php\/wp-json\/wp\/v2\/product"}],"about":[{"href":"https:\/\/libreriabonilla.com.mx\/index.php\/wp-json\/wp\/v2\/types\/product"}],"replies":[{"embeddable":true,"href":"https:\/\/libreriabonilla.com.mx\/index.php\/wp-json\/wp\/v2\/comments?post=700"}],"wp:featuredmedia":[{"embeddable":true,"href":"https:\/\/libreriabonilla.com.mx\/index.php\/wp-json\/wp\/v2\/media\/955"}],"wp:attachment":[{"href":"https:\/\/libreriabonilla.com.mx\/index.php\/wp-json\/wp\/v2\/media?parent=700"}],"wp:term":[{"taxonomy":"product_brand","embeddable":true,"href":"https:\/\/libreriabonilla.com.mx\/index.php\/wp-json\/wp\/v2\/product_brand?post=700"},{"taxonomy":"product_cat","embeddable":true,"href":"https:\/\/libreriabonilla.com.mx\/index.php\/wp-json\/wp\/v2\/product_cat?post=700"},{"taxonomy":"product_tag","embeddable":true,"href":"https:\/\/libreriabonilla.com.mx\/index.php\/wp-json\/wp\/v2\/product_tag?post=700"}],"curies":[{"name":"wp","href":"https:\/\/api.w.org\/{rel}","templated":true}]}}