{"id":1554,"date":"2026-05-13T00:05:10","date_gmt":"2026-05-13T03:35:10","guid":{"rendered":"https:\/\/libreriabonilla.com.mx\/?post_type=product&#038;p=1554"},"modified":"2026-05-13T00:05:10","modified_gmt":"2026-05-13T03:35:10","slug":"fiebre","status":"publish","type":"product","link":"https:\/\/libreriabonilla.com.mx\/index.php\/producto\/fiebre\/","title":{"rendered":"Fiebre"},"content":{"rendered":"<p style=\"text-align: left;\"><i><strong>| N\u00famero de colecci\u00f3n: S\/N | A\u00f1o: 2026 | 96 p\u00e1gs. | ISBN: 978-607-26-2553-2<\/strong><\/i><\/p>\n<p style=\"text-align: left;\">El mundo de la naturaleza, sea en tierra o en el agua, sea en el tr\u00f3pico o en la estepa fascina por ser una fiesta de las formas: insectos, flores, caracoles\u2026 Y al poeta esa forma (esas formas: son un plural infinito) lo mueve a darle otra en su escritura \u00bfHabr\u00e1 visto, como yo en mi ni\u00f1ez el autor de Fiebre, Adri\u00e1n Mu\u00f1oz, una mantarraya en un acuario? O la habr\u00e1 visto ya de adolescente en el mar mientras nada no sin riesgo. En todo caso ella es el ave de los mares: su nado es vuelo y Mu\u00f1oz quiere nadar con ella. Por eso busca la gracia en la rima que le llama a celebrar ese nado. Y entonces Mantarraya es ella o soy yo (m\u00e1s bien \u00e9l), porque ha ganado en la escritura la may\u00fascula y se vuelve un nombre propio que nos cobija, nos pone una manta, nos acoge bajo su ala. Esa sorpresa del ni\u00f1o en el acuario o del hombre entre las olas no se olvida nunca: deja una honda huella en la piel y en el alma, o m\u00e1s bien en los ojos. Y el poeta busca que esos ojos oigan en la p\u00e1gina la canci\u00f3n: volver el nado canto y cumplir entonces el sentido de esa fiebre que lo posee.<\/p>\n<p style=\"text-align: left;\">\nJos\u00e9 Mar\u00eda Espinasa<\/p>\n","protected":false},"excerpt":{"rendered":"<p class=\"product-single__title\">Adri\u00e1n Mu\u00f1oz, 2026.<\/p>\n","protected":false},"featured_media":1555,"comment_status":"closed","ping_status":"closed","template":"","meta":[],"product_brand":[],"product_cat":[34,72,25,85],"product_tag":[36,773],"class_list":{"0":"post-1554","1":"product","2":"type-product","3":"status-publish","4":"has-post-thumbnail","6":"product_cat-bonart","7":"product_cat-literatura","8":"product_cat-novedades","9":"product_cat-poesia","10":"product_tag-bonart","11":"product_tag-novedades","13":"first","14":"instock","15":"shipping-taxable","16":"purchasable","17":"product-type-simple"},"jetpack_sharing_enabled":true,"_links":{"self":[{"href":"https:\/\/libreriabonilla.com.mx\/index.php\/wp-json\/wp\/v2\/product\/1554","targetHints":{"allow":["GET"]}}],"collection":[{"href":"https:\/\/libreriabonilla.com.mx\/index.php\/wp-json\/wp\/v2\/product"}],"about":[{"href":"https:\/\/libreriabonilla.com.mx\/index.php\/wp-json\/wp\/v2\/types\/product"}],"replies":[{"embeddable":true,"href":"https:\/\/libreriabonilla.com.mx\/index.php\/wp-json\/wp\/v2\/comments?post=1554"}],"wp:featuredmedia":[{"embeddable":true,"href":"https:\/\/libreriabonilla.com.mx\/index.php\/wp-json\/wp\/v2\/media\/1555"}],"wp:attachment":[{"href":"https:\/\/libreriabonilla.com.mx\/index.php\/wp-json\/wp\/v2\/media?parent=1554"}],"wp:term":[{"taxonomy":"product_brand","embeddable":true,"href":"https:\/\/libreriabonilla.com.mx\/index.php\/wp-json\/wp\/v2\/product_brand?post=1554"},{"taxonomy":"product_cat","embeddable":true,"href":"https:\/\/libreriabonilla.com.mx\/index.php\/wp-json\/wp\/v2\/product_cat?post=1554"},{"taxonomy":"product_tag","embeddable":true,"href":"https:\/\/libreriabonilla.com.mx\/index.php\/wp-json\/wp\/v2\/product_tag?post=1554"}],"curies":[{"name":"wp","href":"https:\/\/api.w.org\/{rel}","templated":true}]}}