{"id":151,"date":"2026-01-27T14:19:25","date_gmt":"2026-01-27T17:49:25","guid":{"rendered":"https:\/\/libreriabonilla.com.mx\/?post_type=product&#038;p=151"},"modified":"2026-04-21T21:32:54","modified_gmt":"2026-04-22T01:02:54","slug":"azares-de-vuelta","status":"publish","type":"product","link":"https:\/\/libreriabonilla.com.mx\/index.php\/producto\/azares-de-vuelta\/","title":{"rendered":"Azares de vuelta"},"content":{"rendered":"<p><i><strong>| N\u00famero de colecci\u00f3n: S\/N | A\u00f1o: 2025 | 152 p\u00e1gs. | ISBN: 978-607-26-2529-7<\/strong><\/i><\/p>\n<p>Azares de vuelta es un libro de poemas o quiz\u00e1 deber\u00edamos decir que son historias que se volvieron poemas.<br \/>\nPocas piezas no est\u00e1n inspiradas en sucesos reales, claro con notas rom\u00e1nticas o engalanadas: p\u00e9rdidas, duelos, desamores, desencuentros.<br \/>\nEmociones que siguen golpeando en la vida de la autora, l\u00e1grimas que se lloraron, amores que en el camino se quedaron; y encontr\u00f3 la forma de llevar una bit\u00e1cora de tristezas y alegr\u00edas.<br \/>\nLo que se escribe del alma se queda como tatuaje de tinta indeleble grabado, y sigue despu\u00e9s de los a\u00f1os haciendo eco en la conciencia.<\/p>\n","protected":false},"excerpt":{"rendered":"<h1 class=\"product-single__title\">Aut. Dulce Mar\u00eda Sardi\u00f1as<\/h1>\n","protected":false},"featured_media":154,"comment_status":"closed","ping_status":"closed","template":"","meta":[],"product_brand":[],"product_cat":[34],"product_tag":[36],"class_list":{"0":"post-151","1":"product","2":"type-product","3":"status-publish","4":"has-post-thumbnail","6":"product_cat-bonart","7":"product_tag-bonart","9":"first","10":"instock","11":"shipping-taxable","12":"purchasable","13":"product-type-simple"},"jetpack_sharing_enabled":true,"_links":{"self":[{"href":"https:\/\/libreriabonilla.com.mx\/index.php\/wp-json\/wp\/v2\/product\/151","targetHints":{"allow":["GET"]}}],"collection":[{"href":"https:\/\/libreriabonilla.com.mx\/index.php\/wp-json\/wp\/v2\/product"}],"about":[{"href":"https:\/\/libreriabonilla.com.mx\/index.php\/wp-json\/wp\/v2\/types\/product"}],"replies":[{"embeddable":true,"href":"https:\/\/libreriabonilla.com.mx\/index.php\/wp-json\/wp\/v2\/comments?post=151"}],"wp:featuredmedia":[{"embeddable":true,"href":"https:\/\/libreriabonilla.com.mx\/index.php\/wp-json\/wp\/v2\/media\/154"}],"wp:attachment":[{"href":"https:\/\/libreriabonilla.com.mx\/index.php\/wp-json\/wp\/v2\/media?parent=151"}],"wp:term":[{"taxonomy":"product_brand","embeddable":true,"href":"https:\/\/libreriabonilla.com.mx\/index.php\/wp-json\/wp\/v2\/product_brand?post=151"},{"taxonomy":"product_cat","embeddable":true,"href":"https:\/\/libreriabonilla.com.mx\/index.php\/wp-json\/wp\/v2\/product_cat?post=151"},{"taxonomy":"product_tag","embeddable":true,"href":"https:\/\/libreriabonilla.com.mx\/index.php\/wp-json\/wp\/v2\/product_tag?post=151"}],"curies":[{"name":"wp","href":"https:\/\/api.w.org\/{rel}","templated":true}]}}