{"id":145,"date":"2026-03-27T14:06:15","date_gmt":"2026-03-27T17:36:15","guid":{"rendered":"https:\/\/libreriabonilla.com.mx\/?post_type=product&#038;p=145"},"modified":"2026-03-27T14:06:15","modified_gmt":"2026-03-27T17:36:15","slug":"yo-tu-nosotras","status":"publish","type":"product","link":"https:\/\/libreriabonilla.com.mx\/index.php\/producto\/yo-tu-nosotras\/","title":{"rendered":"Yo, t\u00fa, nosotras"},"content":{"rendered":"<p><i><strong>| N\u00famero de colecci\u00f3n: 29 | A\u00f1o: 2025 | 296 p\u00e1gs. | ISBN: 978-607-26-2937-0<\/strong><\/i><\/p>\n<p>\u00bfC\u00f3mo entendemos el mundo desde nuestra perspectiva individual? \u00bfC\u00f3mo interactuamos con los dem\u00e1s y construimos conocimiento compartido? Yo, t\u00fa, nosotras re\u00fane un conjunto de ensayos que exploran la naturaleza del pensamiento desde las perspectivas de la primera, segunda y primera persona plural. Este libro aborda preguntas fundamentales sobre el lenguaje, la cognici\u00f3n y la epistemolog\u00eda, profundizando en la manera en que nos relacionamos con nosotros mismos y con los dem\u00e1s.<br \/>\nDividido en tres secciones, el volumen analiza los pensamientos de primera persona (yo), la interacci\u00f3n desde la segunda persona (t\u00fa), y la construcci\u00f3n de creencias colectivas (nosotras). Fil\u00f3sofos y especialistas en ciencias cognitivas discuten temas como la referencia al yo, la cognici\u00f3n social y la influencia de la comunidad en la formaci\u00f3n de nuestras creencias.<br \/>\nCon contribuciones de reconocidos acad\u00e9micos, este libro es una invitaci\u00f3n a reflexionar sobre c\u00f3mo nuestra comprensi\u00f3n del mundo est\u00e1 mediada por nuestras relaciones con los dem\u00e1s y por nuestra propia identidad, enfocado en quienes buscan profundizar en el pensamiento filos\u00f3fico contempor\u00e1neo sobre la mente y el lenguaje.<\/p>\n","protected":false},"excerpt":{"rendered":"<h2><strong>Aut.\u00c1ngeles Era\u00f1a, Santiago Echeverri<\/strong><\/h2>\n","protected":false},"featured_media":146,"comment_status":"closed","ping_status":"closed","template":"","meta":[],"product_brand":[],"product_cat":[31],"product_tag":[23,33],"class_list":{"0":"post-145","1":"product","2":"type-product","3":"status-publish","4":"has-post-thumbnail","6":"product_cat-ensayo","7":"product_tag-angeles-erana","8":"product_tag-santiago-echeverri","10":"first","11":"instock","12":"downloadable","13":"shipping-taxable","14":"purchasable","15":"product-type-simple"},"jetpack_sharing_enabled":true,"_links":{"self":[{"href":"https:\/\/libreriabonilla.com.mx\/index.php\/wp-json\/wp\/v2\/product\/145","targetHints":{"allow":["GET"]}}],"collection":[{"href":"https:\/\/libreriabonilla.com.mx\/index.php\/wp-json\/wp\/v2\/product"}],"about":[{"href":"https:\/\/libreriabonilla.com.mx\/index.php\/wp-json\/wp\/v2\/types\/product"}],"replies":[{"embeddable":true,"href":"https:\/\/libreriabonilla.com.mx\/index.php\/wp-json\/wp\/v2\/comments?post=145"}],"wp:featuredmedia":[{"embeddable":true,"href":"https:\/\/libreriabonilla.com.mx\/index.php\/wp-json\/wp\/v2\/media\/146"}],"wp:attachment":[{"href":"https:\/\/libreriabonilla.com.mx\/index.php\/wp-json\/wp\/v2\/media?parent=145"}],"wp:term":[{"taxonomy":"product_brand","embeddable":true,"href":"https:\/\/libreriabonilla.com.mx\/index.php\/wp-json\/wp\/v2\/product_brand?post=145"},{"taxonomy":"product_cat","embeddable":true,"href":"https:\/\/libreriabonilla.com.mx\/index.php\/wp-json\/wp\/v2\/product_cat?post=145"},{"taxonomy":"product_tag","embeddable":true,"href":"https:\/\/libreriabonilla.com.mx\/index.php\/wp-json\/wp\/v2\/product_tag?post=145"}],"curies":[{"name":"wp","href":"https:\/\/api.w.org\/{rel}","templated":true}]}}