{"id":143,"date":"2026-03-27T14:02:56","date_gmt":"2026-03-27T17:32:56","guid":{"rendered":"https:\/\/libreriabonilla.com.mx\/?post_type=product&#038;p=143"},"modified":"2026-03-27T14:02:58","modified_gmt":"2026-03-27T17:32:58","slug":"tres-entradas-a-mexico-sor-juana-ines-de-la-cruz-juan-rulfo-luis-gonzalez-y-gonzalez","status":"publish","type":"product","link":"https:\/\/libreriabonilla.com.mx\/index.php\/producto\/tres-entradas-a-mexico-sor-juana-ines-de-la-cruz-juan-rulfo-luis-gonzalez-y-gonzalez\/","title":{"rendered":"Tres entradas a M\u00e9xico: Sor Juana In\u00e9s de la Cruz, Juan Rulfo, Luis Gonz\u00e1lez y Gonz\u00e1lez"},"content":{"rendered":"<p><i><strong>| N\u00famero de colecci\u00f3n: 39 | A\u00f1o: 2025 | 112 p\u00e1gs. | ISBN: 978-968-97-2841-2<\/strong><\/i><\/p>\n<p>Suele decirse, para hablar de M\u00e9xico, que es un pa\u00eds de tres pisos: el subsuelo prehisp\u00e1nico (que en ocasiones se llama de contacto previo), la etapa colonial (mestizaje y aculturaci\u00f3n) y la independencia, desde la liberaci\u00f3n hasta los tiempos modernos, pasando por la revoluci\u00f3n de 1910. Los antiguos mexicanos ve\u00edan m\u00e1s bien una sucesi\u00f3n de edades, los \u201csoles\u201d, el \u00faltimo, al final del cual vivimos, corresponde a la era de los temblores de tierra (Ollin).<br \/>\nLa literatura, en M\u00e9xico, ha conocido esta sucesi\u00f3n. Si la \u00e9poca prehisp\u00e1nica solo ha dejado pocas huellas, borradas por los conquistadores, la era del mestizaje empieza de verdad con una mujer, una de las grandes poetas de la historia literaria mexicana, Sor Juana In\u00e9s de la Cruz, mezcla de la herencia ind\u00edgena de su pueblo natal y del manierismo arquitect\u00f3nico del barroco hispano-lusitano. En virtud de su audacia, su sinceridad y de su entrega es la primera autora moderna que afirma la libertad de las mujeres.<br \/>\nLa modernidad de M\u00e9xico es tambi\u00e9n el nacimiento en la novela de algo confuso y fascinante que se ha llamado \u201crealismo m\u00e1gico\u201d, la idea se atribuye a Gabriel Garc\u00eda M\u00e1rquez \u2013aunque su inventor haya sido Juan Rulfo.<br \/>\nEn 1968, cuando publica su obra maestra Pueblo en vilo (traducido al franc\u00e9s con el t\u00edtulo de Barri\u00e8res de la solitude), el historiador Luis Gonz\u00e1lez y Gonz\u00e1lez inaugura la tercera etapa de M\u00e9xico, que la separa de la vaga oleada del modernismo cient\u00edfico, al instaurar el reconocimiento del particularismo agr\u00edcola. Esta etapa apenas comienza. En nuestro tiempo de universalismo (y de guerras sin cuartel) \u00bfpor modestia o por realismo, deber\u00edamos unirnos a \u00e9l?<\/p>\n","protected":false},"excerpt":{"rendered":"<h1 class=\"product-single__title\">Jean-Marie Gustave Le Cl\u00e9zio<\/h1>\n","protected":false},"featured_media":144,"comment_status":"closed","ping_status":"closed","template":"","meta":[],"product_brand":[],"product_cat":[31],"product_tag":[32],"class_list":{"0":"post-143","1":"product","2":"type-product","3":"status-publish","4":"has-post-thumbnail","6":"product_cat-ensayo","7":"product_tag-jean-marie-gustave-le-clezio","9":"first","10":"instock","11":"shipping-taxable","12":"purchasable","13":"product-type-simple"},"jetpack_sharing_enabled":true,"_links":{"self":[{"href":"https:\/\/libreriabonilla.com.mx\/index.php\/wp-json\/wp\/v2\/product\/143","targetHints":{"allow":["GET"]}}],"collection":[{"href":"https:\/\/libreriabonilla.com.mx\/index.php\/wp-json\/wp\/v2\/product"}],"about":[{"href":"https:\/\/libreriabonilla.com.mx\/index.php\/wp-json\/wp\/v2\/types\/product"}],"replies":[{"embeddable":true,"href":"https:\/\/libreriabonilla.com.mx\/index.php\/wp-json\/wp\/v2\/comments?post=143"}],"wp:featuredmedia":[{"embeddable":true,"href":"https:\/\/libreriabonilla.com.mx\/index.php\/wp-json\/wp\/v2\/media\/144"}],"wp:attachment":[{"href":"https:\/\/libreriabonilla.com.mx\/index.php\/wp-json\/wp\/v2\/media?parent=143"}],"wp:term":[{"taxonomy":"product_brand","embeddable":true,"href":"https:\/\/libreriabonilla.com.mx\/index.php\/wp-json\/wp\/v2\/product_brand?post=143"},{"taxonomy":"product_cat","embeddable":true,"href":"https:\/\/libreriabonilla.com.mx\/index.php\/wp-json\/wp\/v2\/product_cat?post=143"},{"taxonomy":"product_tag","embeddable":true,"href":"https:\/\/libreriabonilla.com.mx\/index.php\/wp-json\/wp\/v2\/product_tag?post=143"}],"curies":[{"name":"wp","href":"https:\/\/api.w.org\/{rel}","templated":true}]}}