{"id":130,"date":"2026-03-26T19:39:32","date_gmt":"2026-03-26T23:09:32","guid":{"rendered":"https:\/\/libreriabonilla.com.mx\/?post_type=product&#038;p=130"},"modified":"2026-03-26T19:44:59","modified_gmt":"2026-03-26T23:14:59","slug":"ensenanza-de-una-bioetica-holista-en-investigacion","status":"publish","type":"product","link":"https:\/\/libreriabonilla.com.mx\/index.php\/producto\/ensenanza-de-una-bioetica-holista-en-investigacion\/","title":{"rendered":"Ense\u00f1anza de una bio\u00e9tica holista en investigaci\u00f3n: imperativo necesario para avanzar hacia el humanismo"},"content":{"rendered":"<p><i><strong>\u00a0N\u00famero de colecci\u00f3n: 14 | A\u00f1o: 2025 | 128 p\u00e1gs. | ISBN: 978-968-97-2838-2<\/strong><\/i><\/p>\n<p>La ense\u00f1anza de la bio\u00e9tica en M\u00e9xico podr\u00eda registrarse de forma oficial a partir de 1989 cuando el Consejo de Salubridad crea el Grupo de Estudio de la Bio\u00e9tica.<br \/>\nDesde entonces han pasado tres d\u00e9cadas y media, y la difusi\u00f3n de esta disciplina orientada a la investigaci\u00f3n con sujetos humanos, se ha desarrollado a nivel estructural por todo M\u00e9xico, ha permeado universidades, departamentos, centros de investigaci\u00f3n, institutos de salud, unidades hospitalarias, cl\u00ednicas entre otros, en el campo de la bio\u00e9tica m\u00e9dica, la regulaci\u00f3n existente tiene como objetivos promover investigaci\u00f3n con valor social, cuidar la seguridad de los sujetos de estudio que forman parte de protocolos de investigaci\u00f3n, fomentar normas \u00e9ticas que promueva una investigaci\u00f3n que resuelva problemas urgentes y donde exista un equilibro entre riesgo-beneficio, promover una cultura bio\u00e9tica con conciencia social, y la firme convicci\u00f3n de realizar pr\u00e1cticas profesionales responsables.<\/p>\n","protected":false},"excerpt":{"rendered":"<p><strong>Aut: Mar\u00eda de la Luz Sevilla Gonz\u00e1lez<\/strong><\/p>\n","protected":false},"featured_media":131,"comment_status":"closed","ping_status":"closed","template":"","meta":[],"product_brand":[],"product_cat":[27,25],"product_tag":[29,28],"class_list":{"0":"post-130","1":"product","2":"type-product","3":"status-publish","4":"has-post-thumbnail","6":"product_cat-educacion","7":"product_cat-novedades","8":"product_tag-bioetica","9":"product_tag-maria-de-la-luz-sevilla-gonzalez","11":"first","12":"instock","13":"downloadable","14":"shipping-taxable","15":"purchasable","16":"product-type-simple"},"jetpack_sharing_enabled":true,"_links":{"self":[{"href":"https:\/\/libreriabonilla.com.mx\/index.php\/wp-json\/wp\/v2\/product\/130","targetHints":{"allow":["GET"]}}],"collection":[{"href":"https:\/\/libreriabonilla.com.mx\/index.php\/wp-json\/wp\/v2\/product"}],"about":[{"href":"https:\/\/libreriabonilla.com.mx\/index.php\/wp-json\/wp\/v2\/types\/product"}],"replies":[{"embeddable":true,"href":"https:\/\/libreriabonilla.com.mx\/index.php\/wp-json\/wp\/v2\/comments?post=130"}],"wp:featuredmedia":[{"embeddable":true,"href":"https:\/\/libreriabonilla.com.mx\/index.php\/wp-json\/wp\/v2\/media\/131"}],"wp:attachment":[{"href":"https:\/\/libreriabonilla.com.mx\/index.php\/wp-json\/wp\/v2\/media?parent=130"}],"wp:term":[{"taxonomy":"product_brand","embeddable":true,"href":"https:\/\/libreriabonilla.com.mx\/index.php\/wp-json\/wp\/v2\/product_brand?post=130"},{"taxonomy":"product_cat","embeddable":true,"href":"https:\/\/libreriabonilla.com.mx\/index.php\/wp-json\/wp\/v2\/product_cat?post=130"},{"taxonomy":"product_tag","embeddable":true,"href":"https:\/\/libreriabonilla.com.mx\/index.php\/wp-json\/wp\/v2\/product_tag?post=130"}],"curies":[{"name":"wp","href":"https:\/\/api.w.org\/{rel}","templated":true}]}}